{"id":10,"date":"2015-03-10T13:54:51","date_gmt":"2015-03-10T12:54:51","guid":{"rendered":"http:\/\/www.dentalhygienepraxis.de\/cms\/?page_id=10"},"modified":"2016-06-20T10:34:29","modified_gmt":"2016-06-20T08:34:29","slug":"diplom-dental-hygiene-aufgabenbereich","status":"publish","type":"page","link":"http:\/\/www.dentalhygienepraxis.de\/cms\/diplom-dental-hygiene-aufgabenbereich\/","title":{"rendered":"Aufgabenbereich"},"content":{"rendered":"<p><a href=\"#Ablauf\">Ablauf<\/a>|<a href=\"#Befunde\">Befunde<\/a>|<a href=\"#Karies\">Karies<\/a>|<a href=\"#Reinigung\">Reinigung der Z\u00e4hne<\/a>|<a href=\"#Parodontitisprophylaxe\">Parodontitisvorsorge<\/a><a name=\"Ablauf\"><\/a><\/p>\n<p>&nbsp;<\/p>\n<h3>Wie sieht der Behandlungsablauf aus<\/h3>\n<p><strong>1. Allgemeine Anamnese:<\/strong><br \/>\nHier gilt es, den Zustand der Z\u00e4hne und des Zahnfleisches, sowie m\u00f6gliche andere k\u00f6rperliche Erkrankungen in einem ausf\u00fchrlichen Gespr\u00e4ch und einer gr\u00fcndlichen Begutachtung festzustellen.<br \/>\n<strong>2. Konkrement Entfernung:<\/strong><br \/>\nMit modernsten Ger\u00e4ten und gro\u00dfer Sorgfalt werden die Z\u00e4hne von sch\u00e4digende Konkrementen und Bel\u00e4gen m\u00f6glichst komplett befreit. Hierzu werden die Instrumente fachgerecht angelegt, was zu schmerzfreien Behandlungen f\u00fchrt.<br \/>\n<strong>3. Politur:<\/strong><br \/>\nDie Z\u00e4hne werden sanft und nach neuesten Erkenntnissen mit sterilen Ger\u00e4ten poliert, was in den wenigsten Praxen so gehandhabt wird.<br \/>\n<strong>4. Fluoridierung:<\/strong><br \/>\nFluoride unterst\u00fctzen die Remineralisierung der Zahnschmelzoberfl\u00e4che, erh\u00f6hen ihre S\u00e4ureresistenz, verhindern das Herausl\u00f6sen von Mineralien und wirken antibakteriell auf die s\u00e4urebildenden Bakterien im Bio-Film. K\u00fcnstliche Abdeckungen gibt es trotz gro\u00dfer Reklameaktionen nicht, die eine neue Komplettschutzschicht fingieren.<br \/>\n<strong>5. Ern\u00e4hrungsanamnese und Beratung:<\/strong><br \/>\nManche Lebensmittel k\u00f6nnen den Z\u00e4hnen, dem Zahnschmelz und dem Zahnfleisch schaden. Zu diesen geh\u00f6ren derzeit die meisten Getr\u00e4nke, die laut moderner Zahnmedizin nicht f\u00fcr die Z\u00e4hne geeignet sind. Hierzu geh\u00f6ren auch die \u201e neu verbreiten\u201c Gem\u00fcsemix und Poppup-Getr\u00e4nke mit ihrem massiv verstecken Zucker. Wir brauchen \u00fcber Getr\u00e4nke keine weiteren Kalorien, jedoch die Zellulose, die im Mixer zerst\u00f6rt wird. Gemeinsam k\u00f6nnen Ern\u00e4hrungtipps besprochen werden.<br \/>\n<strong>6. Motivation:<\/strong><br \/>\nAufkl\u00e4rung \u00fcber Bedeutung und Ursache der Oralerkrankungen wie Karies und Parodontitis. Wir helfen Ihnen dabei, Ihre Gesundheit zu erhalten.<br \/>\n<strong>7. Individuelle Beratung \u00fcber Hilfsmittel:<\/strong><br \/>\nZahnb\u00fcrste ist nicht gleich Zahnb\u00fcrste. Sch\u00e4den durch falsche oder unsachgem\u00e4\u00df angewandte Zahnpflege k\u00f6nnen vermieden werden. Wir sind Initiator des neuen Trends: Weiche Zahnb\u00fcrsten erhalten unser Zahnfleisch ges\u00fcnder.<br \/>\n<strong>8. Recall:<\/strong><br \/>\nDient der automatischen Weiterbehandlung.<\/p>\n<p>&nbsp;<\/p>\n<p>&nbsp;<\/p>\n<h3>Befunde<\/h3>\n<p>Parodontitis-Vorsorge beinhaltet:<\/p>\n<p><img decoding=\"async\" class=\"aligncenter\" src=\"http:\/\/www.dentalhygienepraxis.de\/cms\/wp-content\/uploads\/2015\/06\/befunde-04.jpg\" alt=\"\" \/><br \/>\nKontrolle des Patienten durch den Papillen Blutungs-Index<\/p>\n<p>&nbsp;<\/p>\n<p><a href=\"#Ablauf\">Ablauf<\/a>|<a href=\"#Befunde\">Befunde<\/a>|<a href=\"#Karies\">Karies<\/a>|<a href=\"#Reinigung\">Reinigung der Z\u00e4hne<\/a>|<a href=\"#Parodontitisprophylaxe\">Parodontitisvorsorge<\/a><a name=\"Karies\"><\/a><\/p>\n<p>&nbsp;<\/p>\n<h3>Karies<\/h3>\n<p>&nbsp;<\/p>\n<p><img decoding=\"async\" class=\"aligncenter\" src=\"http:\/\/www.dentalhygienepraxis.de\/cms\/wp-content\/uploads\/2015\/06\/karies-01_1.jpg\" alt=\"\" \/><br \/>\n<strong>Kreidefleck-Schmelzkaries:<\/strong><br \/>\nPlaquebakterien (Biofilm) verg\u00e4ren Kohlehydrate innerhalb von Sekunden zu S\u00e4uren.<br \/>\nWiederholte, andauernde S\u00e4ureeinwirkung f\u00fchrt zu Kreideflecken und Schmelzkaries<\/p>\n<p><img decoding=\"async\" class=\"aligncenter\" src=\"http:\/\/www.dentalhygienepraxis.de\/cms\/wp-content\/uploads\/2015\/06\/karies-01_2.jpg\" alt=\"\" \/><br \/>\n<strong>Karies-Schematischer L\u00e4ngsschnitt:<\/strong> Plaque<br \/>\n(gelb) im marginalen Bereich produziert S\u00e4ure. Dicke Plaque (Biofilm) verhindert<br \/>\nNeutralisation der S\u00e4ure durch den Speichel. Schmelzkaries (schwarz) Fr\u00fchzeitig<br \/>\npenetrierende Dentinkaries (braun) Einfluss auf Pulpa: Entz\u00fcndung (rote<br \/>\nPunkte) Sekund\u00e4rdentin-Bildung<\/p>\n<p><a href=\"#Ablauf\">Ablauf<\/a>|<a href=\"#Befunde\">Befunde<\/a>|<a href=\"#Karies\">Karies<\/a>|<a href=\"#Reinigung\">Reinigung der Z\u00e4hne<\/a>|<a href=\"#Parodontitisprophylaxe\">Parodontitisvorsorge<\/a><a name=\"Reinigung\"><\/a><\/p>\n<p>&nbsp;<\/p>\n<h3>Reinigung der Z\u00e4hne<\/h3>\n<p>Rezession + Abrasion<br \/>\n<img decoding=\"async\" class=\"aligncenter\" src=\"http:\/\/www.dentalhygienepraxis.de\/cms\/wp-content\/uploads\/2015\/06\/reinigung-01.jpg\" alt=\"\" \/><\/p>\n<p><img decoding=\"async\" class=\"aligncenter\" src=\"http:\/\/www.dentalhygienepraxis.de\/cms\/wp-content\/uploads\/2015\/06\/reinigung-02.jpg\" alt=\"\" \/><br \/>\nModerne Zahnb\u00fcrsten haben abgerundete Borstenenden und sind so einfach wie m\u00f6glich.<br \/>\n<strong>Pl\u00f6tzliche Rezession:<\/strong> Jugendlicher mit schmaler angewachsener Gingiva nach &#8220;intensiver&#8221; Reinigung mit zu starkem Druck der Zahnb\u00fcrste (zu harter B\u00fcrste). <strong>Beratung siehe Fachpersonal = Diplom Dental Hygienikerin<\/strong><\/p>\n<p><img decoding=\"async\" class=\"aligncenter\" src=\"http:\/\/www.dentalhygienepraxis.de\/cms\/wp-content\/uploads\/2015\/06\/reinigung-07.jpg\" alt=\"\" \/><br \/>\n<strong>Skarifikation:<\/strong> Wiederholte Verletzungen (Verd\u00fcnnung) Putztechnik sollte ver\u00e4ndert werden.<\/p>\n<p><img decoding=\"async\" class=\"aligncenter\" src=\"http:\/\/www.dentalhygienepraxis.de\/cms\/wp-content\/uploads\/2015\/06\/reinigung-09.jpg\" alt=\"\" \/><br \/>\n<strong>Stillmann-Cleft<\/strong><\/p>\n<p><img decoding=\"async\" class=\"aligncenter\" src=\"http:\/\/www.dentalhygienepraxis.de\/cms\/wp-content\/uploads\/2015\/06\/reinigung-10.jpg\" alt=\"\" \/><br \/>\n<strong>McCallsche Girlanden<\/strong><\/p>\n<p><img decoding=\"async\" class=\"aligncenter\" src=\"http:\/\/www.dentalhygienepraxis.de\/cms\/wp-content\/uploads\/2015\/06\/reinigung-11.jpg\" alt=\"\" \/><br \/>\n<strong>Erosion:<\/strong> \u00dcbertriebener S\u00e4urekonsum Aufl\u00f6sung des Zahnschmelzes<\/p>\n<p>&nbsp;<\/p>\n<p><img decoding=\"async\" class=\"aligncenter\" src=\"http:\/\/www.dentalhygienepraxis.de\/cms\/wp-content\/uploads\/2015\/06\/reinigung-13.jpg\" alt=\"\" \/><\/p>\n<p><img decoding=\"async\" class=\"aligncenter\" src=\"http:\/\/www.dentalhygienepraxis.de\/cms\/wp-content\/uploads\/2015\/06\/reinigung-14.jpg\" alt=\"\" \/><br \/>\n<strong>Professionelle Parodontitis-Therapeuten<\/strong> (<strong>Diplom Dentalhygienikerin<\/strong>nen mit einem vollverschulten Studiengang von 3 Jahren ausschlie\u00dflich ausgerichtet auf Parodontitis Therapie) helfen Ihnen in Situationen bei der Verhinderung \/ &#8220;Reparation&#8221; solcher gravierender Defekte<\/p>\n<p><img decoding=\"async\" class=\"aligncenter\" src=\"http:\/\/www.dentalhygienepraxis.de\/cms\/wp-content\/uploads\/2015\/06\/reinigung-15.jpg\" alt=\"\" \/><br \/>\nSpezielle Techniken zur Reduzierung von Zahnfleischproblemen<\/p>\n<p><img decoding=\"async\" class=\"aligncenter\" src=\"http:\/\/www.dentalhygienepraxis.de\/cms\/wp-content\/uploads\/2015\/06\/reinigung-16.jpg\" alt=\"\" \/><br \/>\nIn manchen Situationen gelten bestimmte Technikregeln um das Abheilen des Zahnfleisches zu f\u00f6rdern<\/p>\n<p><img decoding=\"async\" class=\"aligncenter\" src=\"http:\/\/www.dentalhygienepraxis.de\/cms\/wp-content\/uploads\/2015\/06\/reinigung-17.jpg\" alt=\"\" \/><br \/>\nAnwendung eines Zahnholzes: Stim-u-dents von Johnson + Johnson<\/p>\n<p><img decoding=\"async\" class=\"aligncenter\" src=\"http:\/\/www.dentalhygienepraxis.de\/cms\/wp-content\/uploads\/2015\/06\/reinigung-19.jpg\" alt=\"\" \/><\/p>\n<p><a href=\"#Ablauf\">Ablauf<\/a>|<a href=\"#Befunde\">Befunde<\/a>|<a href=\"#Karies\">Karies<\/a>|<a href=\"#Reinigung\">Reinigung der Z\u00e4hne<\/a>|<a href=\"#Parodontitisprophylaxe\">Parodontitisvorsorge<\/a><a name=\"Parodontitisprophylaxe\"><\/a><\/p>\n<p>&nbsp;<\/p>\n<h3>Parodontitis-Therapie<\/h3>\n<p>Parodontitis ist ein entz\u00fcndlicher Vorgang, der das Zahnfleisch und Zahnbett angreift. 98% der Menschheit leidet darunter. Zahnfleischbluten und ggf. Mundgeruch sind die ersten Anzeichen hierf\u00fcr.<br \/>\nUngen\u00fcgende Plaqueentfernungen (Speisereste etc.) sind meist die Ursache, die Sie durch eine regelm\u00e4\u00dfige Diplom Dental Hygiene weitgehend verhindern k\u00f6nnen. Dadurch k\u00f6nnen auch entz\u00fcndete Zahnfleischtaschen eliminiert werden.<br \/>\nUnsere Behandlung ist spezialisiert auf eine entz\u00fcndungsfreie Mundh\u00f6hle. Zu diesem Zweck reinigen wir s\u00e4mtliche erreichbaren Zahnoberfl\u00e4chen bis zum Maxium schonend und effizient und entfernen alle Konkremente, sowie Kaffee, Tee, Rotwein und Nikotinablagerungen.<\/p>\n<p>&nbsp;<\/p>\n<p><img decoding=\"async\" class=\"aligncenter\" src=\"http:\/\/www.dentalhygienepraxis.de\/cms\/wp-content\/uploads\/2015\/06\/prophylaxe-03.jpg\" alt=\"\" \/><br \/>\nStadien der Zerst\u00f6rung durch unbehandelte Parodontitis<br \/>\n<strong>Gingivitis:<\/strong> Plaquebildung\/Biofilm, Konkremente, mangelnde Oralhygiene<\/p>\n<p><img decoding=\"async\" class=\"aligncenter\" src=\"http:\/\/www.dentalhygienepraxis.de\/cms\/wp-content\/uploads\/2015\/06\/prophylaxe-05.jpg\" alt=\"\" \/><br \/>\n<strong>Schnittbild:<\/strong> Entz\u00fcndete marginale Gingiva, massive Plaque\/Biofilm, entz\u00fcndliche Ver\u00e4nderungen (rot) Abwehrzellen (rote Punkte) Sulcusfluid Sulcus, vertiefte Konkremente.<\/p>\n<p><img decoding=\"async\" class=\"aligncenter\" src=\"http:\/\/www.dentalhygienepraxis.de\/cms\/wp-content\/uploads\/2015\/06\/prophylaxe-06.jpg\" alt=\"\" \/><br \/>\n<strong>Parodontitis:<\/strong> Subgingivale Konkremente mit entz\u00fcndeten Zahnfleischtaschen Prognose: mit Therapie einer versierten <strong>Diplom Dental Hygienikerin<\/strong> gut in den Griff zu bekommen.<br \/>\n<strong>Fortgeschrittener Fall:<\/strong> Parodontitis profunda, Zahnfleischentz\u00fcndung, Pus, Mundgeruch, Periodische Abszesse, Fisteln, Schmerzen, Zahnlockerung, Wanderung, L\u00fcckenbildung, drohender Zahnverlust, fragliche Prognose. Parodontalbehandlung dringend erforderlich<\/p>\n<p><img decoding=\"async\" class=\"aligncenter\" src=\"http:\/\/www.dentalhygienepraxis.de\/cms\/wp-content\/uploads\/2015\/06\/prophylaxe-12.jpg\" alt=\"\" \/><br \/>\nVor und nach einer Behandlung bei einer versierten <strong>Diplom Dental Hygienikerin<\/strong><\/p>\n<p><img decoding=\"async\" class=\"aligncenter\" src=\"http:\/\/www.dentalhygienepraxis.de\/cms\/wp-content\/uploads\/2015\/06\/prophylaxe-16.jpg\" alt=\"\" \/><br \/>\nEine liebevoll gemachte Politur- mit Gummikelch ohne Verletzung des Zahnfleischsaumes &#8211; ist nicht nur ein Genuss und der Abschluss einer <strong>Diplom Dental Hygienen<\/strong> Behandlung, sondern ein absolutes Muss.<\/p>\n<p><a href=\"#Ablauf\">Ablauf<\/a>|<a href=\"#Befunde\">Befunde<\/a>|<a href=\"#Karies\">Karies<\/a>|<a href=\"#Reinigung\">Reinigung der Z\u00e4hne<\/a>|<a href=\"#Parodontitisprophylaxe\">Parodontitisvorsorge<\/a><\/p>\n<p>Bilder und Informationen sind mit freundlicher Genehmigung folgendem Bildband\/Fachbuch entnommen: <strong>SSO-Atlas,<\/strong> oder aus Farbatlanten der Zahnmedizin 1, <strong>Parodontologie<\/strong>, <em>Rateitschak\/Wolf, Thieme Verlag, Stuttgart<\/em><\/p>\n","protected":false},"excerpt":{"rendered":"<p>Ablauf|Befunde|Karies|Reinigung der Z\u00e4hne|Parodontitisvorsorge &nbsp; Wie sieht der Behandlungsablauf aus 1. Allgemeine Anamnese: Hier gilt es, den Zustand der Z\u00e4hne und des Zahnfleisches, sowie m\u00f6gliche andere k\u00f6rperliche Erkrankungen in einem ausf\u00fchrlichen Gespr\u00e4ch und einer gr\u00fcndlichen Begutachtung festzustellen. 2. Konkrement Entfernung: Mit modernsten Ger\u00e4ten und gro\u00dfer Sorgfalt werden die Z\u00e4hne von sch\u00e4digende Konkrementen und Bel\u00e4gen m\u00f6glichst komplett&#8230;<\/p>\n","protected":false},"author":2,"featured_media":0,"parent":0,"menu_order":3,"comment_status":"closed","ping_status":"closed","template":"","meta":{"footnotes":""},"class_list":["post-10","page","type-page","status-publish","hentry"],"_links":{"self":[{"href":"http:\/\/www.dentalhygienepraxis.de\/cms\/wp-json\/wp\/v2\/pages\/10","targetHints":{"allow":["GET"]}}],"collection":[{"href":"http:\/\/www.dentalhygienepraxis.de\/cms\/wp-json\/wp\/v2\/pages"}],"about":[{"href":"http:\/\/www.dentalhygienepraxis.de\/cms\/wp-json\/wp\/v2\/types\/page"}],"author":[{"embeddable":true,"href":"http:\/\/www.dentalhygienepraxis.de\/cms\/wp-json\/wp\/v2\/users\/2"}],"replies":[{"embeddable":true,"href":"http:\/\/www.dentalhygienepraxis.de\/cms\/wp-json\/wp\/v2\/comments?post=10"}],"version-history":[{"count":40,"href":"http:\/\/www.dentalhygienepraxis.de\/cms\/wp-json\/wp\/v2\/pages\/10\/revisions"}],"predecessor-version":[{"id":2666,"href":"http:\/\/www.dentalhygienepraxis.de\/cms\/wp-json\/wp\/v2\/pages\/10\/revisions\/2666"}],"wp:attachment":[{"href":"http:\/\/www.dentalhygienepraxis.de\/cms\/wp-json\/wp\/v2\/media?parent=10"}],"curies":[{"name":"wp","href":"https:\/\/api.w.org\/{rel}","templated":true}]}}