{"id":13,"date":"2015-03-10T13:55:04","date_gmt":"2015-03-10T12:55:04","guid":{"rendered":"http:\/\/www.dentalhygienepraxis.de\/cms\/?page_id=13"},"modified":"2022-11-09T09:13:20","modified_gmt":"2022-11-09T08:13:20","slug":"diplom-dental-hygiene-kosten","status":"publish","type":"page","link":"http:\/\/www.dentalhygienepraxis.de\/cms\/diplom-dental-hygiene-kosten\/","title":{"rendered":"Kosten"},"content":{"rendered":"<h2>Was kostet ein L\u00e4cheln<\/h2>\n<p>Statt teurer Bleachings, die nur die Oberfl\u00e4che behandeln, er\u00f6ffnet Ihnen die <strong>Diplom Dental Hygienikerin<\/strong> einen g\u00fcnstigeren, schonenderen und nachhaltigeren Weg, der auch die pr\u00e4ventive Parodontits-Therapie beinhaltet.<\/p>\n<p>Individuelle Behandlung und pers\u00f6nliche Beratung 135,00 Euro<\/p>\n<p>Termine nach telefonischer Vereinbarung unter: 089 &#8211; 91 24 42 AB<\/p>\n<h2>DH &#8211; Behandlungstarife weltweit<\/h2>\n<p>Der Beruf der akademischen <strong>Diplom Dental Hygienikerin<\/strong> ist in Deutschland leider nicht gesch\u00fctzt. Es behandeln alle, sogar noch in Ausbildung stehende, unter dem Mantel von folgenden Behandlungsthemen: Professionelle Dentalhygiene, Professionelle Zahnhygiene, Professionelle Zahnreinigung, Dentalhygienebehandlung, DH-Behandlung, Prophylaxebehandlung, Professionelle Prophylaxebehandlung. Im Gegensatz zu Deutschland ist im Ausland erst dann die Professionalit\u00e4t gegeben, wenn dazu ein Diplom und eine Lizenz vorliegt. In L\u00e4ndern wie der USA m\u00fcssen zus\u00e4tzlich st\u00e4ndige Fortbildungspunkte vorliegen um am Patienten arbeiten zu k\u00f6nnen und diese m\u00fcssen sichtbar aufgeh\u00e4ngt sein. Alle Kritik, Dental Hygiene als Berufsbild zu installieren, die vom Deutschen <strong>Diplom Dental Hygienikerinnen<\/strong> Verband seit \u00fcber 25 Jahren an die Bundesregierung \u00fcbermittelt wurden, sind bislang fruchtlos geblieben. Es stehen mehr als 14 neue Berufe vergeblich an, um von der Bundesregierung ann\u00e4hernd geh\u00f6rt zu werden. Dies sind skandal\u00f6se Zust\u00e4nde, denn auch in der Medizin m\u00fcssen Neuerungen akzeptiert werden und positive Ereignisse der Nachbarl\u00e4nder integrierf\u00e4hig sein. Das Zahnheilkundegesetz fordert eine abgeschlossene Ausbildung, um am Patienten arbeiten zu k\u00f6nnen. Angeboten wird diese abgeschlossene Ausbildung in Dental Hygiene jedoch in Deutschland bislang nicht. S\u00e4mtliche Fortbildungsangebote, die langsam skurrile Ausw\u00fcchse liefern (angeblich staatlich anerkannt!) sind lediglich Kompromisse auf dem notwendigen Weg zu einem vollverschulten Studiengang.<\/p>\n<p><strong>DH-Behandlungstarife weltweit von akademisch gepr\u00fcften <u>Diplom<\/u> Dental Hygienikerinnen (also nicht von Zahn\u00e4rztlichem Personal, das lediglich Kurz-Fortbildungen ohne staatliche Anerkennung vorweisen kann), wobei durch die Pr\u00e4ventive Vorarbeit der <u>Diplom Dental Hygienikerin<\/u> vielfach eine Parodontalbehandlung verhindert werden kann:<br \/>\n<\/strong><\/p>\n<table border=\"0\" width=\"490\">\n<tbody>\n<tr>\n<td align=\"left\" valign=\"top\" width=\"150\">\u00a0\u00a0\u00a0\u00a0<strong>USA<\/strong><\/td>\n<td align=\"left\"><\/td>\n<\/tr>\n<tr>\n<td align=\"left\" valign=\"top\" width=\"150\">\u00a0\u00a0\u00a0\u00a0Colorado<\/td>\n<td align=\"left\">47-197 $ US Dollar<\/td>\n<\/tr>\n<tr>\n<td align=\"left\" valign=\"top\" width=\"150\">\u00a0\u00a0\u00a0\u00a0Washington (Staat)<\/td>\n<td align=\"left\">85 $ US Dollar<\/td>\n<\/tr>\n<tr>\n<td align=\"left\" valign=\"top\" width=\"150\">\u00a0\u00a0\u00a0\u00a0<strong>Canada<\/strong><\/td>\n<td align=\"left\"><\/td>\n<\/tr>\n<tr>\n<td align=\"left\" valign=\"top\" width=\"150\">\u00a0\u00a0\u00a0\u00a0British Columbia<\/td>\n<td align=\"left\">25 &#8211; 75 Canadian Dollar<\/td>\n<\/tr>\n<tr>\n<td align=\"left\" valign=\"top\" width=\"150\">\u00a0\u00a0\u00a0\u00a0Ontario<\/td>\n<td align=\"left\">41 &#8211; 44 Canadian Dollar<\/td>\n<\/tr>\n<tr>\n<td align=\"left\" valign=\"top\" width=\"150\">\u00a0\u00a0\u00a0\u00a0<strong>Russland<\/strong><\/td>\n<td align=\"left\">24 &#8211; 40 Euro<\/td>\n<\/tr>\n<tr>\n<td align=\"left\" valign=\"top\" width=\"150\">\u00a0\u00a0\u00a0\u00a0<strong>Schweden<\/strong><\/td>\n<td align=\"left\">60 &#8211; 110 Euro<\/td>\n<\/tr>\n<tr>\n<td align=\"left\" valign=\"top\" width=\"150\">\u00a0\u00a0\u00a0\u00a0<strong>Niederlande<\/strong><\/td>\n<td align=\"left\">90 Euro<\/td>\n<\/tr>\n<tr>\n<td align=\"left\" valign=\"top\" width=\"150\">\u00a0\u00a0\u00a0\u00a0<strong>Finnland<\/strong><\/td>\n<td align=\"left\">80 &#8211; 90 Euro<\/td>\n<\/tr>\n<tr>\n<td align=\"left\" valign=\"top\" width=\"150\">\u00a0\u00a0\u00a0\u00a0<strong>D\u00e4nemark<\/strong><\/td>\n<td align=\"left\">80 Euro<\/td>\n<\/tr>\n<tr>\n<td align=\"left\" valign=\"top\" width=\"150\">\u00a0\u00a0\u00a0\u00a0<strong>Schweiz<\/strong><\/td>\n<td align=\"left\">180 &#8211; 200 Euro<\/td>\n<\/tr>\n<tr>\n<td align=\"left\" valign=\"top\" width=\"150\">\u00a0\u00a0\u00a0\u00a0<strong>Norwegen<\/strong><\/td>\n<td align=\"left\">75 &#8211; 95 Euro<\/td>\n<\/tr>\n<tr>\n<td align=\"left\" valign=\"top\" width=\"150\">\u00a0\u00a0\u00a0\u00a0<strong>Italien<\/strong><\/td>\n<td align=\"left\">90 Euro<\/td>\n<\/tr>\n<tr>\n<td align=\"left\" valign=\"top\" width=\"150\">\u00a0\u00a0\u00a0\u00a0<strong><span style=\"text-decoration: underline;\">Deutschland<\/span><\/strong><\/td>\n<td align=\"left\">100 &#8211; 780 Euro *<\/td>\n<\/tr>\n<\/tbody>\n<\/table>\n<p>*trauriger Weltrekord, wobei hier keine Differenzierung zwischen Behandlungen von Zahn\u00e4rztlichem Personal in allen Richtungen !!!!!! oder <strong>Diplom Dental Hygienebehandlungen<\/strong> (Professionelle Parodontitis Therapie) gemacht wird. Nur ca. 5 % aller in Deutschland vorhandenen Praktizierenden k\u00f6nnen eine Zertifizierung vorweisen.<\/p>\n<p>Diese Liste erh\u00e4lt nicht den Anspruch, komplett zu sein. Die Daten wurden 2004 anl\u00e4sslich des bislang ersten und einzigen internationalen Berichtes, erschienen im International Dental Hygiene Journal, gesammelt und liegen mittlerweile bei einer 30-40%- igen Steigerung. Die erste selbst\u00e4ndig arbeitende Praxis f\u00fcr <strong>Diplom Dental Hygiene<\/strong> Deutschlands offeriert einen fairen Preis f\u00fcr hohe Leistung und bietet einen Service, der teure Bleachings verhindert.<\/p>\n","protected":false},"excerpt":{"rendered":"<p>Was kostet ein L\u00e4cheln Statt teurer Bleachings, die nur die Oberfl\u00e4che behandeln, er\u00f6ffnet Ihnen die Diplom Dental Hygienikerin einen g\u00fcnstigeren, schonenderen und nachhaltigeren Weg, der auch die pr\u00e4ventive Parodontits-Therapie beinhaltet. Individuelle Behandlung und pers\u00f6nliche Beratung 135,00 Euro Termine nach telefonischer Vereinbarung unter: 089 &#8211; 91 24 42 AB DH &#8211; Behandlungstarife weltweit Der Beruf der&#8230;<\/p>\n","protected":false},"author":2,"featured_media":0,"parent":0,"menu_order":4,"comment_status":"closed","ping_status":"closed","template":"","meta":{"footnotes":""},"class_list":["post-13","page","type-page","status-publish","hentry"],"_links":{"self":[{"href":"http:\/\/www.dentalhygienepraxis.de\/cms\/wp-json\/wp\/v2\/pages\/13","targetHints":{"allow":["GET"]}}],"collection":[{"href":"http:\/\/www.dentalhygienepraxis.de\/cms\/wp-json\/wp\/v2\/pages"}],"about":[{"href":"http:\/\/www.dentalhygienepraxis.de\/cms\/wp-json\/wp\/v2\/types\/page"}],"author":[{"embeddable":true,"href":"http:\/\/www.dentalhygienepraxis.de\/cms\/wp-json\/wp\/v2\/users\/2"}],"replies":[{"embeddable":true,"href":"http:\/\/www.dentalhygienepraxis.de\/cms\/wp-json\/wp\/v2\/comments?post=13"}],"version-history":[{"count":10,"href":"http:\/\/www.dentalhygienepraxis.de\/cms\/wp-json\/wp\/v2\/pages\/13\/revisions"}],"predecessor-version":[{"id":2757,"href":"http:\/\/www.dentalhygienepraxis.de\/cms\/wp-json\/wp\/v2\/pages\/13\/revisions\/2757"}],"wp:attachment":[{"href":"http:\/\/www.dentalhygienepraxis.de\/cms\/wp-json\/wp\/v2\/media?parent=13"}],"curies":[{"name":"wp","href":"https:\/\/api.w.org\/{rel}","templated":true}]}}