{"id":15,"date":"2015-03-10T13:55:18","date_gmt":"2015-03-10T12:55:18","guid":{"rendered":"http:\/\/www.dentalhygienepraxis.de\/cms\/?page_id=15"},"modified":"2017-03-28T06:49:51","modified_gmt":"2017-03-28T04:49:51","slug":"diplom-dental-hygiene-links","status":"publish","type":"page","link":"http:\/\/www.dentalhygienepraxis.de\/cms\/diplom-dental-hygiene-links\/","title":{"rendered":"Links"},"content":{"rendered":"<p>IFDH &#8211; International Federation of Dental Hygienists<br \/>\n<a href=\"http:\/\/www.ifdh.org\/\" target=\"_blank\" rel=\"external\">www.ifdh.org<\/a><\/p>\n<p>EDHF &#8211; European Dental Hygienists Federation<br \/>\n<a href=\"http:\/\/www.edhf.eu\/\" target=\"_blank\" rel=\"external\">www.edhf.eu<\/a><\/p>\n<p>ADHA &#8211; The American Dental Hygienist&#8217;s Association<br \/>\n<a href=\"http:\/\/www.adha.org\/\" target=\"_blank\" rel=\"external\">www.adha.org<\/a><\/p>\n<p>SDH &#8211; Swiss Dental Hygienists<br \/>\n<a href=\"http:\/\/www.dentalhygienists.ch\/\" target=\"_blank\" rel=\"external\">www.dentalhygienists.ch<\/a><\/p>\n<p>DDHV &#8211; Deutscher Dipolm Dental Hygienikerinnen Verband e.V.<br \/>\n<a href=\"http:\/\/www.ddhv.de\/\" target=\"_blank\" rel=\"external\">www.ddhv.de<\/a><\/p>\n<p>Dr.Watson Books &#8211; B\u00fccher mit Biss<br \/>\n<a href=\"http:\/\/www.watson-books.de\/\" target=\"_blank\" rel=\"external\">www.watson-books.de<\/a><\/p>\n<p>Die beste Fu\u00dfreflexzonen-Massage M\u00fcnchens<br \/>\n<a href=\"http:\/\/www.rikefe.de\/\" target=\"_blank\" rel=\"external\">www.rikefe.de<\/a><\/p>\n","protected":false},"excerpt":{"rendered":"<p>IFDH &#8211; International Federation of Dental Hygienists www.ifdh.org EDHF &#8211; European Dental Hygienists Federation www.edhf.eu ADHA &#8211; The American Dental Hygienist&#8217;s Association www.adha.org SDH &#8211; Swiss Dental Hygienists www.dentalhygienists.ch DDHV &#8211; Deutscher Dipolm Dental Hygienikerinnen Verband e.V. www.ddhv.de Dr.Watson Books &#8211; B\u00fccher mit Biss www.watson-books.de Die beste Fu\u00dfreflexzonen-Massage M\u00fcnchens www.rikefe.de<\/p>\n","protected":false},"author":2,"featured_media":0,"parent":0,"menu_order":5,"comment_status":"closed","ping_status":"closed","template":"","meta":{"footnotes":""},"class_list":["post-15","page","type-page","status-publish","hentry"],"_links":{"self":[{"href":"http:\/\/www.dentalhygienepraxis.de\/cms\/wp-json\/wp\/v2\/pages\/15","targetHints":{"allow":["GET"]}}],"collection":[{"href":"http:\/\/www.dentalhygienepraxis.de\/cms\/wp-json\/wp\/v2\/pages"}],"about":[{"href":"http:\/\/www.dentalhygienepraxis.de\/cms\/wp-json\/wp\/v2\/types\/page"}],"author":[{"embeddable":true,"href":"http:\/\/www.dentalhygienepraxis.de\/cms\/wp-json\/wp\/v2\/users\/2"}],"replies":[{"embeddable":true,"href":"http:\/\/www.dentalhygienepraxis.de\/cms\/wp-json\/wp\/v2\/comments?post=15"}],"version-history":[{"count":5,"href":"http:\/\/www.dentalhygienepraxis.de\/cms\/wp-json\/wp\/v2\/pages\/15\/revisions"}],"predecessor-version":[{"id":2693,"href":"http:\/\/www.dentalhygienepraxis.de\/cms\/wp-json\/wp\/v2\/pages\/15\/revisions\/2693"}],"wp:attachment":[{"href":"http:\/\/www.dentalhygienepraxis.de\/cms\/wp-json\/wp\/v2\/media?parent=15"}],"curies":[{"name":"wp","href":"https:\/\/api.w.org\/{rel}","templated":true}]}}