{"id":20,"date":"2015-03-10T13:55:49","date_gmt":"2015-03-10T12:55:49","guid":{"rendered":"http:\/\/www.dentalhygienepraxis.de\/cms\/?page_id=20"},"modified":"2015-10-26T13:46:48","modified_gmt":"2015-10-26T12:46:48","slug":"diplom-dental-hygiene-tipps-und-tricks","status":"publish","type":"page","link":"http:\/\/www.dentalhygienepraxis.de\/cms\/diplom-dental-hygiene-tipps-und-tricks\/","title":{"rendered":"Tipps und Tricks"},"content":{"rendered":"<p>Leider wurden meine Kommentare von selbsternannten Profis kopiert, weshalb ich sie aus dem Netz nehmen musste. Vielen Dank f\u00fcr Ihr Verst\u00e4ndnis.<br \/>\nGerne \u00fcbermittle ich Ihnen jedoch mein Wissen bei einer pers\u00f6nlichen Beratung und Behandlung.<\/p>\n<p>&nbsp;<\/p>\n<p><iframe loading=\"lazy\" title=\"Sulkul\u00e4re Zahnputztechnik\" width=\"654\" height=\"491\" src=\"https:\/\/www.youtube.com\/embed\/PAAUanRo2II?feature=oembed\" frameborder=\"0\" allow=\"accelerometer; autoplay; clipboard-write; encrypted-media; gyroscope; picture-in-picture; web-share\" referrerpolicy=\"strict-origin-when-cross-origin\" allowfullscreen><\/iframe><\/p>\n","protected":false},"excerpt":{"rendered":"<p>Leider wurden meine Kommentare von selbsternannten Profis kopiert, weshalb ich sie aus dem Netz nehmen musste. Vielen Dank f\u00fcr Ihr Verst\u00e4ndnis. Gerne \u00fcbermittle ich Ihnen jedoch mein Wissen bei einer pers\u00f6nlichen Beratung und Behandlung. &nbsp;<\/p>\n","protected":false},"author":2,"featured_media":0,"parent":0,"menu_order":7,"comment_status":"closed","ping_status":"closed","template":"","meta":{"footnotes":""},"class_list":["post-20","page","type-page","status-publish","hentry"],"_links":{"self":[{"href":"http:\/\/www.dentalhygienepraxis.de\/cms\/wp-json\/wp\/v2\/pages\/20","targetHints":{"allow":["GET"]}}],"collection":[{"href":"http:\/\/www.dentalhygienepraxis.de\/cms\/wp-json\/wp\/v2\/pages"}],"about":[{"href":"http:\/\/www.dentalhygienepraxis.de\/cms\/wp-json\/wp\/v2\/types\/page"}],"author":[{"embeddable":true,"href":"http:\/\/www.dentalhygienepraxis.de\/cms\/wp-json\/wp\/v2\/users\/2"}],"replies":[{"embeddable":true,"href":"http:\/\/www.dentalhygienepraxis.de\/cms\/wp-json\/wp\/v2\/comments?post=20"}],"version-history":[{"count":16,"href":"http:\/\/www.dentalhygienepraxis.de\/cms\/wp-json\/wp\/v2\/pages\/20\/revisions"}],"predecessor-version":[{"id":2609,"href":"http:\/\/www.dentalhygienepraxis.de\/cms\/wp-json\/wp\/v2\/pages\/20\/revisions\/2609"}],"wp:attachment":[{"href":"http:\/\/www.dentalhygienepraxis.de\/cms\/wp-json\/wp\/v2\/media?parent=20"}],"curies":[{"name":"wp","href":"https:\/\/api.w.org\/{rel}","templated":true}]}}