{"id":2375,"date":"2015-03-25T05:38:30","date_gmt":"2015-03-25T04:38:30","guid":{"rendered":"http:\/\/www.dentalhygienepraxis.de\/cms\/?page_id=2375"},"modified":"2021-11-08T09:22:24","modified_gmt":"2021-11-08T08:22:24","slug":"diplom-dental-hygiene-patientenkommentare","status":"publish","type":"page","link":"http:\/\/www.dentalhygienepraxis.de\/cms\/diplom-dental-hygiene-patientenkommentare\/","title":{"rendered":"Patientenkommentare"},"content":{"rendered":"<p>Au\u00dferdem m\u00f6chte ich mich f\u00fcr die au\u00dfergew\u00f6hnlich professionelle Zahnreinigung bedanken, bei der Sie sogar die stark gelb verf\u00e4rbte Stelle am rechten Eckzahn weitestgehend beseitigen konnten.<br \/>\nDa ich selbst ein scharfer und genauer Beobachter meiner Z\u00e4hne bin, m\u00f6chte ich Ihnen sagen, dass Sie wirklich in der Lage waren, alle mir bekannten Schwachstellen aufzuzeigen und mich darauf hinzuweisen. So genau wie Sie war noch niemand! Einfach super!!!<br \/>\nIhre dankbare<br \/>\n<em>Claudia S.<\/em><\/p>\n<p>&#8230;muss ich Ihnen mitteilen, dass Sie das Beste waren, was mir 2015 wiederfahren ist&#8230;\u201c.<br \/>\n<em>R. Roth<\/em><\/p>\n<p>Die Behandlungen bei Frau Gatermann sind seit Jahren mein bestes Investment. Seither gibt es bei meinem Zahnarzt keine Beanstandungen \u00a0mehr.<br \/>\n<em>Noak<\/em><\/p>\n<p>Ich bin begeistert. Bei Frau Gatermann habe ich die besten Informationen bez\u00fcglich meiner Z\u00e4hne erhalten. Ich komme gerne wieder.<br \/>\n<em>Gr\u00fcnewald<\/em><\/p>\n<p>Seit 14 Jahren bin ich bei Frau Gatermann in Behandlung und stelle immer wieder fest, dass ihr Wissen \u00fcber die Orale Gesundheit weit \u00fcber dem Durchschnitt liegt.<br \/>\n<em style=\"font-size: 14px; line-height: 1.9;\">Weser<\/em><\/p>\n<p>Frau Gatermann verf\u00fcgt \u00fcber au\u00dfergew\u00f6hnliche Kenntnisse auf dem Arbeitsgebiet der Dentalhygiene. Ich konnte mich auch \u00fcberzeugen, dass sie an der F\u00f6rderung der Prophylaxe \u00fcberdurchschnittlich interessiert ist und dabei eine gesunde Berufsethik vertritt.<br \/>\n<em>Prof. Dr. med. H.R. M\u00fchlemann (\u2020)<\/em><\/p>\n","protected":false},"excerpt":{"rendered":"<p>Au\u00dferdem m\u00f6chte ich mich f\u00fcr die au\u00dfergew\u00f6hnlich professionelle Zahnreinigung bedanken, bei der Sie sogar die stark gelb verf\u00e4rbte Stelle am rechten Eckzahn weitestgehend beseitigen konnten. Da ich selbst ein scharfer und genauer Beobachter meiner Z\u00e4hne bin, m\u00f6chte ich Ihnen sagen, dass Sie wirklich in der Lage waren, alle mir bekannten Schwachstellen aufzuzeigen und mich darauf&#8230;<\/p>\n","protected":false},"author":2,"featured_media":0,"parent":0,"menu_order":0,"comment_status":"closed","ping_status":"closed","template":"","meta":{"footnotes":""},"class_list":["post-2375","page","type-page","status-publish","hentry"],"_links":{"self":[{"href":"http:\/\/www.dentalhygienepraxis.de\/cms\/wp-json\/wp\/v2\/pages\/2375","targetHints":{"allow":["GET"]}}],"collection":[{"href":"http:\/\/www.dentalhygienepraxis.de\/cms\/wp-json\/wp\/v2\/pages"}],"about":[{"href":"http:\/\/www.dentalhygienepraxis.de\/cms\/wp-json\/wp\/v2\/types\/page"}],"author":[{"embeddable":true,"href":"http:\/\/www.dentalhygienepraxis.de\/cms\/wp-json\/wp\/v2\/users\/2"}],"replies":[{"embeddable":true,"href":"http:\/\/www.dentalhygienepraxis.de\/cms\/wp-json\/wp\/v2\/comments?post=2375"}],"version-history":[{"count":17,"href":"http:\/\/www.dentalhygienepraxis.de\/cms\/wp-json\/wp\/v2\/pages\/2375\/revisions"}],"predecessor-version":[{"id":2750,"href":"http:\/\/www.dentalhygienepraxis.de\/cms\/wp-json\/wp\/v2\/pages\/2375\/revisions\/2750"}],"wp:attachment":[{"href":"http:\/\/www.dentalhygienepraxis.de\/cms\/wp-json\/wp\/v2\/media?parent=2375"}],"curies":[{"name":"wp","href":"https:\/\/api.w.org\/{rel}","templated":true}]}}