{"id":5,"date":"2015-03-10T13:26:32","date_gmt":"2015-03-10T12:26:32","guid":{"rendered":"http:\/\/www.dentalhygienepraxis.de\/cms\/?page_id=5"},"modified":"2022-09-28T06:23:40","modified_gmt":"2022-09-28T04:23:40","slug":"diplom-dental-hygiene-home","status":"publish","type":"page","link":"http:\/\/www.dentalhygienepraxis.de\/cms\/","title":{"rendered":"Home"},"content":{"rendered":"<h2>Diplom Dental Hygiene &#8211; nicht nur eine Frage der \u00c4sthetik.<\/h2>\n<p>Bei Z\u00e4hnen denkt man automatisch an Zahnschmerz, Bohren, Wurzelbehandlungen oder sogar Zahnersatz. Doch der erste Schritt f\u00fcr gesunde Z\u00e4hne ist die Oralhygiene. Und das nicht blo\u00df aus \u00e4sthetischen Gr\u00fcnden: Parodontitis \u2013 Zahnfleischentz\u00fcndung &#8211; ist eine der grassierendsten \u201eVolkskrankheiten\u201c. 98% aller Erwachsenen leiden darunter \u2013 teilweise ohne es zu wissen, da Parodontitis kein schmerzhafter Prozess ist. Jedoch einer, der letztendlich nicht nur zum Zahnverlust f\u00fchren kann. Neueste Untersuchungen der American Academy of Periodontology weisen auf die prophylaktische Wirksamkeit einer regelm\u00e4\u00dfigen, professionellen dentalhygienischen Behandlung im Zusammenhang mit der Vorbeugung von Herzerkrankungen\/Diabetes und anderen Erkrankungen hin. Ein rechtzeitiger Check bei uns zeigt Ihnen, was Sie dagegen tun k\u00f6nnen.<br \/>\nDenn: Wir sind auf internationaler Ebene diejenigen, die das erforderliche Zwischenglied zwischen Parodontologe und Patient versiert zertifiziert und staatlich zugelassen darstellen, um Parodontalbehandlungen bis zu ca.6 mm Taschentiefe ohne gro\u00dfen Aufwand in den Griff zu bekommen. Dies entlastet auch die Krankenversicherungen, was diese jedoch leider immer noch nicht registriert haben. Mittlerweile mussten wir zu Spezialistinnen werden, die jahrelang glatt polierten zur\u00fcckgelassenen Zahnstein\/Konkremente massiv nachzuarbeiten haben (Mallpractice).<\/p>\n<h2>Dental Hygiene sollte man den Spezialisten \u00fcberlassen.<\/h2>\n<p>Ist Ihnen das auch schon einmal so gegangen: nach einer sogenannten Dentalhygiene-Behandlung hatten Sie tagelange Beschwerden? Oder Sie hatten eine Entz\u00fcndung, wo vorher noch nie eine war?<br \/>\nWenn ja, dann sollten Sie schnell Ihre Therapeutin wechseln. Nachbeschwerden m\u00fcssen \u00fcberhaupt nicht sein, wenn die Handhabung richtig erlernt wurde. Und Entz\u00fcndungen erst recht nicht, wenn die Hygiene stimmt.<br \/>\nStatt teurer Bleachings (Laseraktivierungen bei Bleachings verursachen Temperaturerh\u00f6hungen, welche die Pulpa irreversibel sch\u00e4digen k\u00f6nnen. In einer Studie von Kivan\u00e7 wird zudem publiziert, dass der S\u00e4uregehalt beim Bleaching in direktem Zusammenhalt mit dem Verlust der Oberfl\u00e4chen-Mikroh\u00e4rte von mindestens 3 Produkten nachgewiesen ist), oder der angeblichen \u201cProfessionellen Zahnreinigung\u201c (PZR), die sich nicht auf die Ablagerungen in den Parodontal-Taschen (Profis ohne Profession), sondern auf die Kosmetik konzentriert, er\u00f6ffnet Ihnen die akademische <strong>Diplom Dental Hygienikerin<\/strong> einen g\u00fcnstigeren, schonenderen und nachhaltigeren Weg f\u00fcr eine gesunde Zahnbett-Erhaltung (Parodontalvorsorge). Schlie\u00dflich ist die erfolgreiche Behandlung und Pr\u00e4vention nichts, was man so nebenbei als &#8220;Professionelle Zahnreinigung&#8221; bei einem Zahnarztbesuch erledigt, sondern ein hochspezialisierter und anspruchsvoller Prozess, bei dem es darum geht, jeden Patienten individuell und ausf\u00fchrlich zu behandeln und zu beraten.<br \/>\nDie <strong>Diplom Dental Hygienikerin<\/strong> ist eine staatlich anerkannte Spezialistin, die \u00fcber einen mehrj\u00e4hrigen Studiengang verf\u00fcgt und sich speziell nicht nur der professionellen Zahnreinigung, sondern dar\u00fcber hinaus der pr\u00e4ventiven Parodontitis-Therapie (Parodontal Therapie) und Oralhygiene widmet.<br \/>\nUnsere <strong>Praxis f\u00fcr Diplom Dental Hygiene<\/strong> ist die erste und derzeit einzige in Deutschland zugelassene, technisch modernst ausgestattet, mit einer angenehmen, freundlichen Atmosph\u00e4re.<br \/>\nDie Praxis wurde gegr\u00fcndet von Beate Gatermann, die ihr Studium zur akademischen <strong>Diplom Dental Hygienikerin<\/strong> in den USA (Registered Dental Hygienists) und der Schweiz (RDH) abgeschlossen hat.<br \/>\nDeutschland ist, fast 100 Jahre nach den USA und mehr als 40 Jahre nach den \u00fcbrigen europ\u00e4ischen L\u00e4ndern dazu bereit, voraussichtlich ab 2023 endlich einen vollverschulten Bachelor in Dental Hygiene (Studiengang) anzubieten. Wenn dieser einmal steht, fehlt immer noch ein staatlich anerkanntes Berufsbild mit Registrierung.<\/p>\n<p><iframe loading=\"lazy\" src=\"https:\/\/www.youtube.com\/embed\/Oumz15M5F1Y\" width=\"600\" height=\"450\" frameborder=\"0\" allowfullscreen=\"allowfullscreen\"><\/iframe><\/p>\n","protected":false},"excerpt":{"rendered":"<p>Diplom Dental Hygiene &#8211; nicht nur eine Frage der \u00c4sthetik. Bei Z\u00e4hnen denkt man automatisch an Zahnschmerz, Bohren, Wurzelbehandlungen oder sogar Zahnersatz. Doch der erste Schritt f\u00fcr gesunde Z\u00e4hne ist die Oralhygiene. Und das nicht blo\u00df aus \u00e4sthetischen Gr\u00fcnden: Parodontitis \u2013 Zahnfleischentz\u00fcndung &#8211; ist eine der grassierendsten \u201eVolkskrankheiten\u201c. 98% aller Erwachsenen leiden darunter \u2013 teilweise&#8230;<\/p>\n","protected":false},"author":2,"featured_media":0,"parent":0,"menu_order":1,"comment_status":"closed","ping_status":"closed","template":"","meta":{"footnotes":""},"class_list":["post-5","page","type-page","status-publish","hentry"],"_links":{"self":[{"href":"http:\/\/www.dentalhygienepraxis.de\/cms\/wp-json\/wp\/v2\/pages\/5","targetHints":{"allow":["GET"]}}],"collection":[{"href":"http:\/\/www.dentalhygienepraxis.de\/cms\/wp-json\/wp\/v2\/pages"}],"about":[{"href":"http:\/\/www.dentalhygienepraxis.de\/cms\/wp-json\/wp\/v2\/types\/page"}],"author":[{"embeddable":true,"href":"http:\/\/www.dentalhygienepraxis.de\/cms\/wp-json\/wp\/v2\/users\/2"}],"replies":[{"embeddable":true,"href":"http:\/\/www.dentalhygienepraxis.de\/cms\/wp-json\/wp\/v2\/comments?post=5"}],"version-history":[{"count":18,"href":"http:\/\/www.dentalhygienepraxis.de\/cms\/wp-json\/wp\/v2\/pages\/5\/revisions"}],"predecessor-version":[{"id":2753,"href":"http:\/\/www.dentalhygienepraxis.de\/cms\/wp-json\/wp\/v2\/pages\/5\/revisions\/2753"}],"wp:attachment":[{"href":"http:\/\/www.dentalhygienepraxis.de\/cms\/wp-json\/wp\/v2\/media?parent=5"}],"curies":[{"name":"wp","href":"https:\/\/api.w.org\/{rel}","templated":true}]}}