{"id":7,"date":"2015-03-10T13:28:11","date_gmt":"2015-03-10T12:28:11","guid":{"rendered":"http:\/\/www.dentalhygienepraxis.de\/cms\/?page_id=7"},"modified":"2023-03-21T08:38:50","modified_gmt":"2023-03-21T07:38:50","slug":"diplom-dental-hygiene-praxisadresse","status":"publish","type":"page","link":"http:\/\/www.dentalhygienepraxis.de\/cms\/diplom-dental-hygiene-praxisadresse\/","title":{"rendered":"Praxisadresse"},"content":{"rendered":"<p><strong>Die Erste Adresse f\u00fcr anspruchsvolle, sanfte und schonenden, schmerzfreie<\/strong><strong>\u00a0<\/strong><strong>Diplom Dental Hygiene. Wir bieten Fachkompetenz und langj\u00e4hrige Berufserfahrung im In- und Ausland.<\/strong><br \/>\nDie Praxis f\u00fcr\u00a0<strong>Diplom Dental Hygiene<\/strong>\u00a0ist die erste und derzeit einzige in Deutschland zugelassene. Technisch modernst ausgestattet, dennoch mit einer angenehmen, freundlichen Atmosph\u00e4re. Sie ist klein aber fein. Die Praxis hat alles, was in einer erstklassigen Diplom Dentalhygiene erforderlich ist. Selbstverst\u00e4ndlich bietet sie auch einen sehr hoher Hygienestandard.<\/p>\n<h3>Beate Gatermann<\/h3>\n<p>Registered Dental Hygienist \u2013 Staatsexamen und Registrierte Lizenz USA<br \/>\nRegistered Dental Hygienist \u2013 Registrierte Staatlich anerkannt (Schweiz)<\/p>\n<p>Freier Mitarbeiterstatus begonnen. Novum.<br \/>\n\u2022 Berufsbezogene Petitionseingabe im deutschen Bundestag. Positives Petitionsergebnis 1998,<br \/>\ndas bis heute nicht umgesetzt wurde. Nur 6,7% der hier Zwischenraum korrigieren<br \/>\neingereichten Petitionen erreichen \u00fcberhaupt ein positives Ergebnis.<\/p>\n<p>Absolventin der Nachdiplom-Ausbildung in zahn\u00e4rztlich verordneter und in dieser Zeile weiterschreiben<br \/>\n\u00fcberwachter Terminalan\u00e4sthesie f\u00fcr Diplom Dental Hygienikerinnen.<br \/>\n\u2022 Gr\u00fcndung der neuen Fachzeitung DIE DENTALHYGIENIKERIN.<\/p>\n<p><a href=\"http:\/\/www.dentalhygienepraxis.de\/img\/anfahrt.gif\" target=\"_blank\" rel=\"external noopener noreferrer\" data-rel=\"lightbox-image-0\" data-rl_title=\"\" data-rl_caption=\"\" title=\"\"><br \/>\nVeit-Pogner-Str. 23<br \/>\n81927 M\u00fcnchen<\/a><\/p>\n<p>Termine nach telefonischer oder schriftlicher Vereinbarung unter<br \/>\nTel. 089 \u2013 91 24 42 AB oder \u00fcber Email: <a href=\"mailto:b.gatermann@dentalhygienepraxis.de\">b.gatermann@dentalhygienepraxis.de<br \/>\n<\/a><br \/>\nWe speak fluent english.<\/p>\n<blockquote><p><em><span style=\"color: #ff0000;\"><b>Meine Praxiszulassung ist nicht \u00fcbertragbar auf andere. Sie muss von jedem Einzelnen erneut vor Gericht durchgesetzt werden und zwar so lange, bis das entsprechende Berufsbild in Dental Hygiene per Verordnung durch das Bundesministerium entschieden ist. Der letzte vergebliche Versuch bis in die oberste Instanz kostete eine ZMF vergebliche 250 000 Euro.<br \/>\n<\/b><\/span><\/em><\/p><\/blockquote>\n<p>So finden Sie zur Praxis f\u00fcr zertifizierte Dentalhygiene.<\/p>\n<p><iframe loading=\"lazy\" src=\"http:\/\/maps.google.de\/maps?hl=de&amp;q=Veit-Pogner-Str. 23 81927 M\u00fcnchen+(Praxis f\u00fcr Dentalhygiene)&amp;ie=UTF8&amp;t=&amp;z=17&amp;iwloc=A&amp;output=embed\" width=\"700\" height=\"300\" frameborder=\"0\" marginwidth=\"0\" marginheight=\"0\" scrolling=\"no\"><\/iframe><\/p>\n<p><img loading=\"lazy\" decoding=\"async\" class=\" size-full wp-image-2395 aligncenter\" src=\"http:\/\/www.dentalhygienepraxis.de\/cms\/wp-content\/uploads\/2015\/04\/praxis-01.jpg\" alt=\"praxis-01\" width=\"300\" height=\"191\" srcset=\"http:\/\/www.dentalhygienepraxis.de\/cms\/wp-content\/uploads\/2015\/04\/praxis-01.jpg 300w, http:\/\/www.dentalhygienepraxis.de\/cms\/wp-content\/uploads\/2015\/04\/praxis-01-195x124.jpg 195w\" sizes=\"auto, (max-width: 300px) 100vw, 300px\" \/><\/p>\n<h2 style=\"text-align: left;\">Beate Gatermann<\/h2>\n<p>Registered Dental Hygienist &#8211; Staatsexamen USA<br \/>\nRegistered Dental Hygienist \u2013 Staatlich anerkannt (Schweiz)<\/p>\n<p>Curriculum<\/p>\n<p>\u2022 Assistenz in parodontologischer Fachpraxis Toronto, Canada.<br \/>\n\u2022 Studiengang der Dental Hygiene am William-Rainey-Harper College, Palatine, Illinois, USA.<br \/>\n\u2022\u00a0Staatsexamen (8-st\u00fcndiges, schriftliches Examen landesweit\/National Board Examination)<br \/>\nals Diplom Dental Hygienikerin, Chicago, USA.<br \/>\n\u2022 Lizenz f\u00fcr Minnesota (CRDTS). Erste in Deutschland t\u00e4tige Diplom Dental Hygienikerin.<br \/>\n\u2022 Leitung diverser Seminare.<br \/>\n\u2022 Zus\u00e4tzliche Auslandsarbeit als Diplom Dental Hygienikerin in Genf.<br \/>\n\u2022 zus\u00e4tzliches Schweizer Diplom erworben.<br \/>\n\u2022 Mitarbeit beim FDI in Tokyo, Japan.<br \/>\n\u2022 Gr\u00fcndung des Deutschen Diplom Dental Hygienikerinnen Verbands (DDHV). Initiatorin des Journals.<br \/>\n\u2022 Organisation der 1. DDHV Verbandstagung.<br \/>\n\u2022 Freier Mitarbeiterstatus begonnen. Novum.<br \/>\n\u2022 Berufsbezogene Petitionseingabe im deutschen Bundestag. Positives Petitionsergebnis 1998,<br \/>\ndas bis heute nicht umgesetzt wurde. Nur 6,7% der\u00a0\u00a0eingereichten Petitionen erreichen \u00fcberhaupt<br \/>\nein positives Ergebnis.<br \/>\n\u2022 Er\u00f6ffnung der ersten Praxis f\u00fcr Diplom Dental Hygiene in Deutschland.<br \/>\n\u2022 bis heute Leitung des DDHV-Kongress.<br \/>\n\u2022 Staatliche Anerkennung und Genehmigung zur selbst\u00e4ndigen T\u00e4tigkeit des Schweizer Diploms erworben.<br \/>\n\u2022 Absolventin der Nachdiplom-Ausbildung in zahn\u00e4rztlich verordneter und<br \/>\n\u00fcberwachter Terminalan\u00e4sthesie f\u00fcr Diplom Dental Hygienikerinnen.<br \/>\n\u2022 Gr\u00fcndung der neuen Fachzeitung DIE DENTALHYGIENIKERIN.<br \/>\n\u2022 \u00dcbernahme des DDHV-Vorsitzes.<br \/>\n\u2022 Erste vom Verwaltungsgericht in M\u00fcnchen zugelassene Praxis f\u00fcr <strong>Diplom Dental Hygiene<\/strong> in Deutschland.<br \/>\n\u2022 Zahlreiche Ver\u00f6ffentlichungen<\/p>\n<h2 style=\"text-align: center;\">Praxisansicht<\/h2>\n<p style=\"text-align: center;\"><img loading=\"lazy\" decoding=\"async\" class=\"alignnone size-full wp-image-2397\" src=\"http:\/\/www.dentalhygienepraxis.de\/cms\/wp-content\/uploads\/2015\/08\/Praxisadresse.jpg\" alt=\"\" width=\"500\" height=\"312\" \/><\/p>\n","protected":false},"excerpt":{"rendered":"<p>Die Erste Adresse f\u00fcr anspruchsvolle, sanfte und schonenden, schmerzfreie\u00a0Diplom Dental Hygiene. Wir bieten Fachkompetenz und langj\u00e4hrige Berufserfahrung im In- und Ausland. Die Praxis f\u00fcr\u00a0Diplom Dental Hygiene\u00a0ist die erste und derzeit einzige in Deutschland zugelassene. Technisch modernst ausgestattet, dennoch mit einer angenehmen, freundlichen Atmosph\u00e4re. Sie ist klein aber fein. Die Praxis hat alles, was in einer&#8230;<\/p>\n","protected":false},"author":2,"featured_media":0,"parent":0,"menu_order":2,"comment_status":"closed","ping_status":"closed","template":"","meta":{"footnotes":""},"class_list":["post-7","page","type-page","status-publish","hentry"],"_links":{"self":[{"href":"http:\/\/www.dentalhygienepraxis.de\/cms\/wp-json\/wp\/v2\/pages\/7","targetHints":{"allow":["GET"]}}],"collection":[{"href":"http:\/\/www.dentalhygienepraxis.de\/cms\/wp-json\/wp\/v2\/pages"}],"about":[{"href":"http:\/\/www.dentalhygienepraxis.de\/cms\/wp-json\/wp\/v2\/types\/page"}],"author":[{"embeddable":true,"href":"http:\/\/www.dentalhygienepraxis.de\/cms\/wp-json\/wp\/v2\/users\/2"}],"replies":[{"embeddable":true,"href":"http:\/\/www.dentalhygienepraxis.de\/cms\/wp-json\/wp\/v2\/comments?post=7"}],"version-history":[{"count":63,"href":"http:\/\/www.dentalhygienepraxis.de\/cms\/wp-json\/wp\/v2\/pages\/7\/revisions"}],"predecessor-version":[{"id":2771,"href":"http:\/\/www.dentalhygienepraxis.de\/cms\/wp-json\/wp\/v2\/pages\/7\/revisions\/2771"}],"wp:attachment":[{"href":"http:\/\/www.dentalhygienepraxis.de\/cms\/wp-json\/wp\/v2\/media?parent=7"}],"curies":[{"name":"wp","href":"https:\/\/api.w.org\/{rel}","templated":true}]}}